{"id":2819,"date":"2022-02-15T13:56:57","date_gmt":"2022-02-15T11:56:57","guid":{"rendered":"https:\/\/handikapp.ee\/%d1%83%d1%81%d0%bb%d1%83%d0%b3%d0%b0-%d0%bb%d0%b8%d1%87%d0%bd%d0%be%d0%b3%d0%be-%d0%bf%d0%be%d0%bc%d0%be%d1%89%d0%bd%d0%b8%d0%ba%d0%b0\/"},"modified":"2023-04-25T14:47:52","modified_gmt":"2023-04-25T12:47:52","slug":"%d1%83%d1%81%d0%bb%d1%83%d0%b3%d0%b0-%d0%bb%d0%b8%d1%87%d0%bd%d0%be%d0%b3%d0%be-%d0%bf%d0%be%d0%bc%d0%be%d1%89%d0%bd%d0%b8%d0%ba%d0%b0","status":"publish","type":"page","link":"https:\/\/handikapp.ee\/ru\/","title":{"rendered":"\u0423\u0421\u041b\u0423\u0413\u0410 \u041b\u0418\u0427\u041d\u041e\u0413\u041e \u041f\u041e\u041c\u041e\u0429\u041d\u0418\u041a\u0410"},"content":{"rendered":"<div class='flex_column av-g96nr-616422e60f9e9d582d9a5f6e7f9879f5 av_one_full  avia-builder-el-0  el_before_av_one_full  avia-builder-el-first  first flex_column_div '   ><section  class='av_textblock_section av-kzofck2d-a6ac31b6e73fea0776d2e2572ecf563d'  itemscope=\"itemscope\" itemtype=\"https:\/\/schema.org\/CreativeWork\" ><div class='avia_textblock'  itemprop=\"text\" ><h1 class=\"et_pb_module_header\">\u0423\u0421\u041b\u0423\u0413\u0410 \u041b\u0418\u0427\u041d\u041e\u0413\u041e \u041f\u041e\u041c\u041e\u0429\u041d\u0418\u041a\u0410<\/h1>\n<\/div><\/section><br \/>\n<section  class='av_textblock_section av-kzofd3wv-61ef3ae675870054748d95cc2eeb6c0b'  itemscope=\"itemscope\" itemtype=\"https:\/\/schema.org\/CreativeWork\" ><div class='avia_textblock'  itemprop=\"text\" ><p>\u041d\u0430\u0447\u0438\u043d\u0430\u044f \u0441 1999 \u0433. MT\u00dc H\u00e4ndik\u00e4pp \u0441\u043e\u0432\u043c\u0435\u0441\u0442\u043d\u043e \u0441 \u041e\u0442\u0434\u0435\u043b\u043e\u043c \u0441\u043e\u0446\u0438\u0430\u043b\u044c\u043d\u043e\u0439 \u043f\u043e\u0434\u0434\u0435\u0440\u0436\u043a\u0438 \u043d\u0430\u0441\u0435\u043b\u0435\u043d\u0438\u044f \u0438 \u0437\u0434\u0440\u0430\u0432\u043e\u043e\u0445\u0440\u0430\u043d\u0435\u043d\u0438\u044f \u0422\u0430\u0440\u0442\u0443\u0441\u043a\u043e\u0439 \u0433\u043e\u0440\u043e\u0434\u0441\u043a\u043e\u0439 \u0443\u043f\u0440\u0430\u0432\u044b \u043e\u043a\u0430\u0437\u044b\u0432\u0430\u0435\u0442 \u0443\u0441\u043b\u0443\u0433\u0443 \u043b\u0438\u0447\u043d\u043e\u0433\u043e \u043f\u043e\u043c\u043e\u0449\u043d\u0438\u043a\u0430.<\/p>\n<p>\u0412 \u043f\u0435\u0440\u0438\u043e\u0434 \u0441 <strong>01.01.2023 \u043f\u043e 31.12.2023<\/strong> \u0443\u0441\u043b\u0443\u0433\u0430 \u0431\u0443\u0434\u0435\u0442 \u043e\u043a\u0430\u0437\u044b\u0432\u0430\u0442\u044c\u0441\u044f \u043d\u0430 \u043e\u0441\u043d\u043e\u0432\u0430\u043d\u0438\u0438 \u0434\u043e\u0433\u043e\u0432\u043e\u0440\u0430 \u2116 22-4496.<\/p>\n<\/div><\/section><\/p><\/div>\n<div class='flex_column av-2ux1h3-69cde3fb3160c65fe0b4f9f31cb0295b av_one_full  avia-builder-el-3  el_after_av_one_full  el_before_av_one_full  first flex_column_div column-top-margin'   ><style type=\"text\/css\" data-created_by=\"avia_inline_auto\" id=\"style-css-av-kzog1pfy-a84d7f52c8b829c54413ebd2aa930ea8\">\n#top .togglecontainer.av-kzog1pfy-a84d7f52c8b829c54413ebd2aa930ea8 p.toggler:not(.activeTitle):hover .toggle_icon, #top .togglecontainer.av-kzog1pfy-a84d7f52c8b829c54413ebd2aa930ea8 p.toggler:not(.activeTitle):hover .toggle_icon *{\nborder-color: !important;\n}\n#top .togglecontainer.av-kzog1pfy-a84d7f52c8b829c54413ebd2aa930ea8 p.toggler .toggle_icon{\ncolor:#62ba30;\nborder-color:#62ba30;\n}\n#top .togglecontainer.av-kzog1pfy-a84d7f52c8b829c54413ebd2aa930ea8 p.toggler .toggle_icon > span{\ncolor:#62ba30;\nborder-color:#62ba30;\n}\n#top .togglecontainer.av-kzog1pfy-a84d7f52c8b829c54413ebd2aa930ea8 p.toggler.activeTitle .toggle_icon, #top .togglecontainer.av-kzog1pfy-a84d7f52c8b829c54413ebd2aa930ea8 p.toggler.activeTitle .toggle_icon > span{\ncolor:#62ba30;\nborder-color:#62ba30;\n}\n<\/style>\n<div  class='togglecontainer av-kzog1pfy-a84d7f52c8b829c54413ebd2aa930ea8 av-elegant-toggle  avia-builder-el-4  avia-builder-el-no-sibling  toggle_close_all' >\n<section class='av_toggle_section av-kzofzjfr-c29d2bb7f76b2aefd5a7263e38a82707'  itemscope=\"itemscope\" itemtype=\"https:\/\/schema.org\/CreativeWork\" ><div role=\"tablist\" class=\"single_toggle\" data-tags=\"{\u0412\u0441\u0435} \"  ><p data-fake-id='#toggle-id-1' class='toggler  activeTitle '  itemprop=\"headline\"  role='tab' tabindex='0' aria-controls='toggle-id-1'>\u041a\u0422\u041e \u0422\u0410\u041a\u041e\u0419 \u041b\u0418\u0427\u041d\u042b\u0419 \u041f\u041e\u041c\u041e\u0429\u041d\u0418\u041a?<span class=\"toggle_icon\"><span class=\"vert_icon\"><\/span><span class=\"hor_icon\"><\/span><\/span><\/p><div id='toggle-id-1' class='toggle_wrap  active_tc' style='display:block;' ><div class='toggle_content invers-color '  itemprop=\"text\" ><p>\u0412 \u0437\u0430\u0432\u0438\u0441\u0438\u043c\u043e\u0441\u0442\u0438 \u043e\u0442 \u043e\u0441\u043e\u0431\u044b\u0445 \u043f\u043e\u0442\u0440\u0435\u0431\u043d\u043e\u0441\u0442\u0435\u0439 \u043a\u0430\u0436\u0434\u043e\u0433\u043e \u043a\u043e\u043d\u043a\u0440\u0435\u0442\u043d\u043e\u0433\u043e \u043a\u043b\u0438\u0435\u043d\u0442\u0430 \u0438 \u0435\u0436\u0435\u0434\u043d\u0435\u0432\u043d\u044b\u0445 \u0440\u0430\u0431\u043e\u0447\u0438\u0445 \u043f\u0440\u0435\u0434\u043f\u0438\u0441\u0430\u043d\u0438\u0439, \u0440\u0430\u0431\u043e\u0447\u0435\u0439 \u0437\u0430\u0434\u0430\u0447\u0435\u0439 \u043b\u0438\u0447\u043d\u043e\u0433\u043e \u043f\u043e\u043c\u043e\u0449\u043d\u0438\u043a\u0430 \u044f\u0432\u043b\u044f\u0435\u0442\u0441\u044f \u043e\u043a\u0430\u0437\u0430\u043d\u0438\u0435 \u043f\u043e\u043c\u043e\u0449\u0438 \u0432 \u043f\u043e\u0432\u0441\u0435\u0434\u043d\u0435\u0432\u043d\u044b\u0445 \u0434\u0435\u043b\u0430\u0445 \u0447\u0435\u043b\u043e\u0432\u0435\u043a\u0443 \u0441 \u043e\u0433\u0440\u0430\u043d\u0438\u0447\u0435\u043d\u043d\u044b\u043c\u0438 \u0432\u043e\u0437\u043c\u043e\u0436\u043d\u043e\u0441\u0442\u044f\u043c\u0438 \u043f\u0435\u0440\u0435\u0434\u0432\u0438\u0436\u0435\u043d\u0438\u044f \u0438\u043b\u0438 \u0441 \u0438\u043d\u0432\u0430\u043b\u0438\u0434\u043d\u043e\u0441\u0442\u044c\u044e \u043f\u043e \u0437\u0440\u0435\u043d\u0438\u044e, \u043d\u0430\u043f\u0440\u0438\u043c\u0435\u0440, \u043f\u0440\u0438 \u043f\u0435\u0440\u0435\u0434\u0432\u0438\u0436\u0435\u043d\u0438\u0438, \u043f\u0440\u0438\u0451\u043c\u0435 \u043f\u0438\u0449\u0438, \u043e\u0434\u0435\u0432\u0430\u043d\u0438\u0438, \u043e\u0431\u0449\u0435\u043d\u0438\u0438, \u0432\u044b\u043f\u043e\u043b\u043d\u0435\u043d\u0438\u0438 \u0433\u0438\u0433\u0438\u0435\u043d\u0438\u0447\u0435\u0441\u043a\u0438\u0445 \u043f\u0440\u043e\u0446\u0435\u0434\u0443\u0440, \u043f\u0438\u0441\u044c\u043c\u0435, \u0447\u0442\u0435\u043d\u0438\u0438, \u0432\u044b\u043f\u043e\u043b\u043d\u0435\u043d\u0438\u0438 \u043a\u0430\u0436\u0434\u043e\u0434\u043d\u0435\u0432\u043d\u044b\u0445 \u0434\u043e\u043c\u0430\u0448\u043d\u0438\u0445 \u0434\u0435\u043b \u0438 \u0442.\u0434.<\/p>\n<p>\u0412\u0441\u0435 \u0434\u0435\u0439\u0441\u0442\u0432\u0438\u044f \u043b\u0438\u0447\u043d\u043e\u0433\u043e \u043f\u043e\u043c\u043e\u0449\u043d\u0438\u043a\u0430 \u0432\u044b\u043f\u043e\u043b\u043d\u044f\u044e\u0442\u0441\u044f \u0432 \u0441\u043e\u0442\u0440\u0443\u0434\u043d\u0438\u0447\u0435\u0441\u0442\u0432\u0435 \u0441 \u043a\u043b\u0438\u0435\u043d\u0442\u043e\u043c \u0438 \u0432 \u0441\u043e\u043e\u0442\u0432\u0435\u0442\u0441\u0442\u0432\u0438\u0438 \u0434\u0430\u043d\u043d\u044b\u043c \u0435\u043c\u0443 \u0443\u043a\u0430\u0437\u0430\u043d\u0438\u044f\u043c.<\/p>\n<p>\u041d\u0430\u043f\u0440\u0438\u043c\u0435\u0440:<\/p>\n<ul>\n<li>\u0427\u0438\u0442\u0430\u0435\u0442 \u0432\u0441\u043b\u0443\u0445 \u043a\u043d\u0438\u0433\u0443, \u0434\u043e\u043a\u0443\u043c\u0435\u043d\u0442\u044b \u0438\u043b\u0438 \u0434\u0440\u0443\u0433\u043e\u0435 \u0447\u0442\u0435\u043d\u0438\u0435 \u0434\u043b\u044f \u0441\u043b\u0430\u0431\u043e\u0432\u0438\u0434\u044f\u0449\u0438\u0445<\/li>\n<li>\u041f\u043e\u043c\u043e\u0433\u0430\u0435\u0442 \u0447\u0435\u043b\u043e\u0432\u0435\u043a\u0443 \u0432 \u0438\u043d\u0432\u0430\u043b\u0438\u0434\u043d\u043e\u0439 \u043a\u043e\u043b\u044f\u0441\u043a\u0435 \u043f\u0435\u0440\u0435\u0434\u0432\u0438\u0433\u0430\u0442\u044c\u0441\u044f \u0438 \u043f\u0440\u0438 \u043d\u0435\u043e\u0431\u0445\u043e\u0434\u0438\u043c\u043e\u0441\u0442\u0438 \u043f\u043e\u043c\u043e\u0433\u0430\u0435\u0442 \u0441 \u043f\u0435\u0440\u0435\u0441\u0430\u0434\u043a\u043e\u0439, \u043d\u0430\u043f\u0440\u0438\u043c\u0435\u0440, \u0441 \u043a\u043e\u043b\u044f\u0441\u043a\u0438 \u043d\u0430 \u0434\u0440\u0443\u0433\u043e\u0435 \u043c\u0435\u0441\u0442\u043e<\/li>\n<li>\u041f\u043e\u043c\u043e\u0433\u0430\u0435\u0442 \u0447\u0435\u043b\u043e\u0432\u0435\u043a\u0443 \u0441 \u043e\u0433\u0440\u0430\u043d\u0438\u0447\u0435\u043d\u043d\u044b\u043c\u0438 \u0432\u043e\u0437\u043c\u043e\u0436\u043d\u043e\u0441\u0442\u044f\u043c\u0438 \u0441 \u0432\u044b\u0431\u043e\u0440\u043e\u043c \u0442\u043e\u0432\u0430\u0440\u043e\u0432 \u0432 \u043c\u0430\u0433\u0430\u0437\u0438\u043d\u0435, \u0440\u0430\u0437\u043c\u0435\u0449\u0435\u043d\u0438\u0435\u043c \u0438\u0445 \u0432 \u043a\u043e\u0440\u0437\u0438\u043d\u0443 \u0434\u043b\u044f \u043f\u043e\u043a\u0443\u043f\u043e\u043a<\/li>\n<li>\u041f\u043e\u043c\u043e\u0433\u0430\u0435\u0442 \u043b\u044e\u0434\u044f\u043c \u0441 \u043e\u0433\u0440\u0430\u043d\u0438\u0447\u0435\u043d\u043d\u043e\u0439 \u043f\u043e\u0434\u0432\u0438\u0436\u043d\u043e\u0441\u0442\u044c\u044e \u0441\u0442\u0438\u0440\u0430\u0442\u044c, \u043e\u0434\u0435\u0432\u0430\u0442\u044c, \u043f\u0440\u0438\u0432\u0435\u0441\u0442\u0438 \u0441\u0435\u0431\u044f \u0432 \u043f\u043e\u0440\u044f\u0434\u043e\u043a<\/li>\n<li>\u0415\u0441\u043b\u0438 \u043a\u043b\u0438\u0435\u043d\u0442 \u0445\u043e\u0434\u0438\u0442 \u043d\u0430 \u0440\u0430\u0431\u043e\u0442\u0443, \u0442\u043e \u043f\u043e\u043c\u043e\u0449\u043d\u0438\u043a \u043f\u043e\u043c\u043e\u0433\u0430\u0435\u0442 \u043d\u0430 \u0440\u0430\u0431\u043e\u0442\u0435 \u0441 \u0441\u043e\u0441\u0442\u0430\u0432\u043b\u0435\u043d\u0438\u0435\u043c \u0438 \u043e\u0431\u0440\u0430\u0431\u043e\u0442\u043a\u043e\u0439 \u0434\u043e\u043a\u0443\u043c\u0435\u043d\u0442\u043e\u0432<\/li>\n<li>\u041f\u043e\u043c\u043e\u0433\u0430\u0435\u0442 \u0432\u044b\u043f\u043e\u043b\u043d\u044f\u0442\u044c \u0434\u043e\u043c\u0430\u0448\u043d\u0438\u0435 \u0434\u0435\u043b\u0430, \u0442\u0430\u043a\u0438\u0435 \u043a\u0430\u043a \u043f\u0440\u0438\u0433\u043e\u0442\u043e\u0432\u043b\u0435\u043d\u0438\u0435 \u043f\u0438\u0449\u0438, \u0443\u0431\u043e\u0440\u043a\u0430 \u0434\u043e\u043c\u0430.<\/li>\n<\/ul>\n<\/div><\/div><\/div><\/section>\n<section class='av_toggle_section av-kzog0fjp-ab08927a71c4c5ab1a264a7b218c89b2'  itemscope=\"itemscope\" itemtype=\"https:\/\/schema.org\/CreativeWork\" ><div role=\"tablist\" class=\"single_toggle\" data-tags=\"{\u0412\u0441\u0435} \"  ><p data-fake-id='#toggle-id-2' class='toggler   '  itemprop=\"headline\"  role='tab' tabindex='0' aria-controls='toggle-id-2'>\u041b\u0418\u0427\u041d\u042b\u0419 \u041f\u041e\u041c\u041e\u0429\u041d\u0418\u041a \u041d\u0415 \u042f\u0412\u041b\u042f\u0415\u0422\u0421\u042f<span class=\"toggle_icon\"><span class=\"vert_icon\"><\/span><span class=\"hor_icon\"><\/span><\/span><\/p><div id='toggle-id-2' class='toggle_wrap  '  ><div class='toggle_content invers-color '  itemprop=\"text\" ><p>\u0420\u0430\u0431\u043e\u0442\u043d\u0438\u043a\u043e\u043c \u043f\u043e \u0443\u0445\u043e\u0434\u0443<\/p>\n<p>\u041e\u043f\u043e\u0440\u043d\u044b\u043c \u043b\u0438\u0446\u043e\u043c<\/p>\n<p>\u0427\u043b\u0435\u043d\u043e\u043c \u0441\u0435\u043c\u044c\u0438<\/p>\n<p>\u0421\u043e\u0446\u0438\u0430\u043b\u044c\u043d\u044b\u043c \u0440\u0430\u0431\u043e\u0442\u043d\u0438\u043a\u043e\u043c<\/p>\n<\/div><\/div><\/div><\/section>\n<section class='av_toggle_section av-kzog0uam-f066089ac424afef7d8038e81fc874cd'  itemscope=\"itemscope\" itemtype=\"https:\/\/schema.org\/CreativeWork\" ><div role=\"tablist\" class=\"single_toggle\" data-tags=\"{\u0412\u0441\u0435} \"  ><p data-fake-id='#toggle-id-3' class='toggler   '  itemprop=\"headline\"  role='tab' tabindex='0' aria-controls='toggle-id-3'>\u041f\u041e\u0414\u0425\u041e\u0414\u042f\u0429\u0418\u0419 \u041a\u0410\u041d\u0414\u0418\u0414\u0410\u0422:<span class=\"toggle_icon\"><span class=\"vert_icon\"><\/span><span class=\"hor_icon\"><\/span><\/span><\/p><div id='toggle-id-3' class='toggle_wrap  '  ><div class='toggle_content invers-color '  itemprop=\"text\" ><p>\u0447\u0435\u043b\u043e\u0432\u0435\u043a \u0436\u0438\u0437\u043d\u0435\u0440\u0430\u0434\u043e\u0441\u0442\u043d\u044b\u0439 \u0438 \u0442\u043e\u043b\u0435\u0440\u0430\u043d\u0442\u043d\u044b\u0439,<\/p>\n<p>\u043e\u0442\u0432\u0435\u0442\u0441\u0442\u0432\u0435\u043d\u043d\u044b\u0439 \u0438 \u043d\u0430\u0434\u0451\u0436\u043d\u044b\u0439, <\/p>\n<p>\u043f\u0443\u043d\u043a\u0442\u0443\u0430\u043b\u044c\u043d\u044b\u0439 \u043f\u043e \u0447\u0430\u0441\u0442\u0438 \u0441\u043e\u0431\u043b\u044e\u0434\u0435\u043d\u0438\u044f \u0432\u0440\u0435\u043c\u0435\u043d\u0438 \u0438 \u0432\u0437\u0430\u0438\u043c\u043d\u043e\u0439 \u0434\u043e\u0433\u043e\u0432\u043e\u0440\u0435\u043d\u043d\u043e\u0441\u0442\u0438<\/p>\n<p>\u0433\u043e\u0442\u043e\u0432 \u0441\u043f\u0440\u0430\u0432\u043b\u044f\u0442\u044c\u0441\u044f \u0441 \u043d\u0435\u043a\u043e\u0442\u043e\u0440\u043e\u0439 \u0444\u0438\u0437\u0438\u0447\u0435\u0441\u043a\u043e\u0439 \u043d\u0430\u0433\u0440\u0443\u0437\u043a\u043e\u0439<\/p>\n<\/div><\/div><\/div><\/section>\n<section class='av_toggle_section av-kzog19j3-e6a02c2220a9e204941fba475be0ebb6'  itemscope=\"itemscope\" itemtype=\"https:\/\/schema.org\/CreativeWork\" ><div role=\"tablist\" class=\"single_toggle\" data-tags=\"{\u0412\u0441\u0435} \"  ><p data-fake-id='#toggle-id-4' class='toggler   '  itemprop=\"headline\"  role='tab' tabindex='0' aria-controls='toggle-id-4'>\u041a\u0410\u041a \u041a\u0410\u041d\u0414\u0418\u0414\u0418\u0420\u041e\u0412\u0410\u0422\u042c\u0421\u042f?<span class=\"toggle_icon\"><span class=\"vert_icon\"><\/span><span class=\"hor_icon\"><\/span><\/span><\/p><div id='toggle-id-4' class='toggle_wrap  '  ><div class='toggle_content invers-color '  itemprop=\"text\" ><p>\u0415\u0441\u043b\u0438 \u0412\u044b \u0437\u0430\u0438\u043d\u0442\u0435\u0440\u0435\u0441\u043e\u0432\u0430\u043d\u044b \u0432 \u044d\u0442\u043e\u0439 \u0440\u0430\u0431\u043e\u0442\u0435, \u0442\u043e \u0441\u0432\u044f\u0436\u0438\u0442\u0435\u0441\u044c \u0441 \u043d\u0430\u043c\u0438 \u043f\u043e \u0442\u0435\u043b\u0435\u0444\u043e\u043d\u0443 <a href=\"callto:+37253232667\">53232667<\/a> \u0438\u043b\u0438 \u043d\u0430\u043f\u0438\u0448\u0438\u0442\u0435 \u043d\u0430\u043c \u044d\u043b\u0435\u043a\u0442\u0440\u043e\u043d\u043d\u043e\u0435 \u043f\u0438\u0441\u044c\u043c\u043e \u043d\u0430 \u0430\u0434\u0440\u0435\u0441 <a class=\"mail-link\" href=\"mailto:iat@handikapp.ee\" data-enc-email=\"vng&#091;at&#093;unaqvxncc.rr\" data-wpel-link=\"ignore\"><span id=\"wpmt-451600-804412\">iat@handikapp.ee<\/span><\/a><\/p>\n<p>\u041f\u0440\u0438\u0433\u043b\u0430\u0441\u0438\u043c \u0412\u0430\u0441 \u043d\u0430 \u0440\u0430\u0431\u043e\u0447\u0435\u0435 \u0441\u043e\u0431\u0435\u0441\u0435\u0434\u043e\u0432\u0430\u043d\u0438\u0435, \u043a\u043e\u0442\u043e\u0440\u043e\u0435 \u043f\u043e\u043c\u043e\u0436\u0435\u0442 \u043f\u043e\u043d\u044f\u0442\u044c, \u043f\u043e\u0434\u0445\u043e\u0434\u0438\u0442 \u043b\u0438 \u0412\u0430\u043c \u0434\u0430\u043d\u043d\u0430\u044f \u0440\u0430\u0431\u043e\u0442\u0430, \u0438 \u043a\u0442\u043e \u043c\u043e\u0436\u0435\u0442 \u0431\u044b\u0442\u044c \u0412\u0430\u0448\u0438\u043c \u043f\u043e\u0442\u0435\u043d\u0446\u0438\u0430\u043b\u044c\u043d\u044b\u043c \u043a\u043b\u0438\u0435\u043d\u0442\u043e\u043c.<\/p>\n<p>\u0414\u0430\u043b\u0435\u0435 \u0441\u043b\u0435\u0434\u0443\u0435\u0442 \u043f\u0440\u043e\u0431\u043d\u044b\u0439 \u0440\u0430\u0431\u043e\u0447\u0438\u0439 \u0434\u0435\u043d\u044c \u0441 \u043e\u043f\u0440\u0435\u0434\u0435\u043b\u0435\u043d\u043d\u044b\u043c \u043a\u043b\u0438\u0435\u043d\u0442\u043e\u043c, \u0432 \u0445\u043e\u0434\u0435 \u043a\u043e\u0442\u043e\u0440\u043e\u0433\u043e \u0447\u0435\u043b\u043e\u0432\u0435\u043a \u0441 \u043e\u0433\u0440\u0430\u043d\u0438\u0447\u0435\u043d\u043d\u044b\u043c\u0438 \u0432\u043e\u0437\u043c\u043e\u0436\u043d\u043e\u0441\u0442\u044f\u043c\u0438 \u043f\u043e\u0434\u0440\u043e\u0431\u043d\u043e \u043e\u0431\u044a\u044f\u0441\u043d\u0438\u0442, \u043a\u0430\u043a\u0430\u044f \u043f\u043e\u043c\u043e\u0449\u044c \u0435\u043c\u0443\/\u0435\u0439 \u043d\u0435\u043e\u0431\u0445\u043e\u0434\u0438\u043c\u0430. \u041f\u0440\u0438 \u043e\u0431\u043e\u044e\u0434\u043d\u043e\u043c \u0441\u043e\u0433\u043b\u0430\u0441\u0438\u0438, \u0437\u0430\u043a\u043b\u044e\u0447\u0430\u0435\u0442\u0441\u044f \u0434\u043e\u0433\u043e\u0432\u043e\u0440 \u043f\u043e\u0440\u0443\u0447\u0435\u043d\u0438\u044f.<\/p>\n<\/div><\/div><\/div><\/section>\n<section class='av_toggle_section av-kzog1ovz-e504d76b6f05e6dcf1520cc4256bfce7'  itemscope=\"itemscope\" itemtype=\"https:\/\/schema.org\/CreativeWork\" ><div role=\"tablist\" class=\"single_toggle\" data-tags=\"{\u0412\u0441\u0435} \"  ><p data-fake-id='#toggle-id-5' class='toggler   '  itemprop=\"headline\"  role='tab' tabindex='0' aria-controls='toggle-id-5'>\u0420\u0410\u0411\u041e\u0422\u0410<span class=\"toggle_icon\"><span class=\"vert_icon\"><\/span><span class=\"hor_icon\"><\/span><\/span><\/p><div id='toggle-id-5' class='toggle_wrap  '  ><div class='toggle_content invers-color '  itemprop=\"text\" ><p>\u041f\u0440\u0438 \u043e\u0431\u043e\u044e\u0434\u043d\u043e\u043c \u0441\u043e\u0433\u043b\u0430\u0441\u0438\u0438, \u0437\u0430\u043a\u043b\u044e\u0447\u0430\u0435\u0442\u0441\u044f \u0434\u043e\u0433\u043e\u0432\u043e\u0440 \u043f\u043e\u0440\u0443\u0447\u0435\u043d\u0438\u044f \u043c\u0435\u0436\u0434\u0443 \u0434\u043e\u0432\u0435\u0440\u0438\u0442\u0435\u043b\u0435\u043c (MT\u00dc H\u00e4ndik\u00e4pp), \u0438\u0441\u043f\u043e\u043b\u043d\u0438\u0442\u0435\u043b\u0435\u043c \u043f\u043e\u0440\u0443\u0447\u0435\u043d\u0438\u044f (\u043b\u0438\u0447\u043d\u044b\u043c \u043f\u043e\u043c\u043e\u0449\u043d\u0438\u043a\u043e\u043c) \u0438 \u043a\u043b\u0438\u0435\u043d\u0442\u043e\u043c (\u0447\u0435\u043b\u043e\u0432\u0435\u043a\u043e\u043c \u0441 \u043e\u0433\u0440\u0430\u043d\u0438\u0447\u0435\u043d\u043d\u044b\u043c\u0438 \u0432\u043e\u0437\u043c\u043e\u0436\u043d\u043e\u0441\u0442\u044f\u043c\u0438).<\/p>\n<p><strong>\u0427\u0430\u0441\u043e\u0432\u0430\u044f \u043e\u043f\u043b\u0430\u0442\u0430 \u0442\u0440\u0443\u0434\u0430 \u043b\u0438\u0447\u043d\u043e\u0433\u043e \u043f\u043e\u043c\u043e\u0449\u043d\u0438\u043a\u0430 \u0441\u043e\u0441\u0442\u0430\u0432\u043b\u044f\u0435\u0442 5,22\u20ac (\u0431\u0440\u0443\u0442\u0442\u043e)<\/strong>. \u0412\u043e\u0437\u043c\u043e\u0436\u043d\u043e \u0440\u0430\u0431\u043e\u0442\u0430\u0442\u044c \u043a\u0430\u043a \u0441 \u043f\u043e\u043b\u043d\u043e\u0439, \u0442\u0430\u043a \u0438 \u0447\u0430\u0441\u0442\u0438\u0447\u043d\u043e\u0439 \u0437\u0430\u043d\u044f\u0442\u043e\u0441\u0442\u044c\u044e, \u043f\u0430\u0440\u0430\u043b\u043b\u0435\u043b\u044c\u043d\u043e \u0441 \u0434\u0440\u0443\u0433\u043e\u0439 \u0440\u0430\u0431\u043e\u0442\u043e\u0439 \u0438\u043b\u0438 \u0443\u0447\u0451\u0431\u043e\u0439.<\/p>\n<p>\u0412 \u0441\u043b\u0443\u0447\u0430\u0435 \u043f\u043e\u043b\u043d\u043e\u0439 \u0437\u0430\u043d\u044f\u0442\u043e\u0441\u0442\u0438 (\u0432 2023 \u0433. \u043c\u0438\u043d\u0438\u043c\u0443\u043c 126 \u0440\u0430\u0431\u043e\u0447\u0438\u0445 \u0447\u0430\u0441\u043e\u0432 \u0432 \u043c\u0435\u0441\u044f\u0446) \u043c\u043e\u0436\u043d\u043e \u043f\u043e\u043b\u0443\u0447\u0438\u0442\u044c \u043c\u0435\u0434\u0438\u0446\u0438\u043d\u0441\u043a\u0443\u044e \u0441\u0442\u0440\u0430\u0445\u043e\u0432\u043a\u0443.<\/p>\n<p>\u0420\u0430\u0431\u043e\u0442\u0430 \u0438\u043d\u0442\u0435\u0440\u0435\u0441\u043d\u0430\u044f \u0438 \u0431\u0435\u0437\u0440\u0443\u0442\u0438\u043d\u043d\u0430\u044f, \u0447\u0435\u043c \u043b\u044e\u0431\u0430\u044f \u0434\u0440\u0443\u0433\u0430\u044f \u0441 \u0442\u043e\u0447\u043a\u0438 \u0437\u0440\u0435\u043d\u0438\u044f \u0432\u0440\u0435\u043c\u0435\u043d\u0438 \u0438 \u0441\u043e\u0434\u0435\u0440\u0436\u0430\u043d\u0438\u044f.<\/p>\n<p>\u041a \u0442\u043e\u043c\u0443 \u0436\u0435, \u0440\u0430\u0431\u043e\u0442\u0430 \u0434\u0430\u0451\u0442 \u0447\u0443\u0432\u0441\u0442\u0432\u043e \u043e\u0449\u0443\u0449\u0435\u043d\u0438\u044f, \u0447\u0442\u043e \u0431\u044b\u043b \u043f\u043e\u043b\u0435\u0437\u043d\u044b\u043c \u0438 \u0441\u0434\u0435\u043b\u0430\u043b \u0447\u0442\u043e-\u0442\u043e \u0445\u043e\u0440\u043e\u0448\u0435\u0435.<\/p>\n<\/div><\/div><\/div><\/section>\n<\/div><\/div>\n<div class='flex_column av-37ei13-7f9148cbb8b39f2e6ecdca8ac01f74ab av_one_full  avia-builder-el-5  el_after_av_one_full  avia-builder-el-last  first flex_column_div column-top-margin'   ><section  class='av_textblock_section av-kzoi97kb-d9d41ee094678a1034a2ad33630c0e10'  itemscope=\"itemscope\" itemtype=\"https:\/\/schema.org\/CreativeWork\" ><div class='avia_textblock'  itemprop=\"text\" ><h3 class=\"et_pb_module_header\">\u0414\u041e\u041a\u0423\u041c\u0415\u041d\u0422\u042b, \u041a\u0410\u0421\u0410\u042e\u0429\u0418\u0415\u0421\u042f \u0423\u0421\u041b\u0423\u0413\u0418 \u041b\u0418\u0427\u041d\u041e\u0413\u041e \u041f\u041e\u041c\u041e\u0429\u041d\u0418\u041a\u0410<\/h3>\n<\/div><\/section><br \/>\n<section  class='av_textblock_section av-kzoi9cn5-65c1984bd97c362fe494b1e863be9c8f'  itemscope=\"itemscope\" itemtype=\"https:\/\/schema.org\/CreativeWork\" ><div class='avia_textblock'  itemprop=\"text\" ><ul>\n<li><a href=\"https:\/\/www.riigiteataja.ee\/akt\/422102014020?leiaKehtiv\" target=\"_blank\" rel=\"noopener noreferrer\">\u041f\u043e\u0440\u044f\u0434\u043e\u043a \u043e\u043a\u0430\u0437\u0430\u043d\u0438\u044f \u0443\u0441\u043b\u0443\u0433\u0438 \u043b\u0438\u0447\u043d\u043e\u0433\u043e \u043f\u043e\u043c\u043e\u0449\u043d\u0438\u043a\u0430&nbsp;<\/a><\/li>\n<li><a href=\"https:\/\/www.riigiteataja.ee\/akt\/113032019155\" target=\"_blank\" rel=\"noopener noreferrer\">\u0417\u0430\u043a\u043e\u043d \u043e \u0441\u043e\u0446\u0438\u0430\u043b\u044c\u043d\u043e\u043c \u043e\u0431\u0435\u0441\u043f\u0435\u0447\u0435\u043d\u0438\u0438<\/a><\/li>\n<li><a href=\"https:\/\/www.riigiteataja.ee\/akt\/204042012006\" target=\"_blank\" rel=\"noopener noreferrer\">OOH \u041a\u043e\u043d\u0432\u0435\u043d\u0446\u0438\u044f \u043e \u043f\u0440\u0430\u0432\u0430\u0445 \u0447\u0435\u043b\u043e\u0432\u0435\u043aa \u0441 \u043e\u0433\u0440\u0430\u043d\u0438\u0447\u0435\u043d\u043d\u044b\u043c\u0438 \u0432\u043e\u0437\u043c\u043e\u0436\u043d\u043e\u0441\u0442\u044f\u043c\u0438&nbsp;<\/a><\/li>\n<li><a href=\"https:\/\/handikapp.ee\/wp-content\/uploads\/2023\/01\/kasundusleping2023.doc\">\u0414\u043e\u0433\u043e\u0432\u043e\u0440 \u043f\u043e\u0440\u0443\u0447\u0435\u043d\u0438\u044f 2023<\/a><\/li>\n<\/ul>\n<\/div><\/section><br \/>\n<section  class='av_textblock_section av-l1qe54pe-76b7e46a98c5a648ec7e3784bc2560e0'  itemscope=\"itemscope\" itemtype=\"https:\/\/schema.org\/CreativeWork\" ><div class='avia_textblock'  itemprop=\"text\" ><p><strong> <br class=\"avia-permanent-lb\">\u0427\u0430\u0441\u044b \u0440\u0430\u0431\u043e\u0442\u044b \u043a\u043e\u043d\u0442\u043e\u0440\u044b MT\u00dc H\u00e4ndik\u00e4pp, Teguri 26b:<\/strong><\/p>\n<p>\u041f\u043e\u043d\u0435\u0434\u0435\u043b\u044c\u043d\u0438\u043a 10.15-17.00<\/p>\n<p>\u0412\u0442\u043e\u0440\u043d\u0438\u043a 10.15 \u2013 17.00<\/p>\n<p>\u0427\u0435\u0442\u0432\u0435\u0440\u0433 10.15 \u2013 17.00<\/p>\n<p>\u0412 \u043f\u0435\u0440\u0432\u044b\u0439 \u0440\u0430\u0431\u043e\u0447\u0438\u0439 \u0434\u0435\u043d\u044c \u043c\u0435\u0441\u044f\u0446\u0430 (\u043e\u0442\u0447\u0435\u0442\u043d\u044b\u0439 \u0434\u0435\u043d\u044c) \u0441 10.15 \u0434\u043e 17.30 (\u0435\u0441\u043b\u0438 \u043d\u0435 \u043e\u0431\u044a\u044f\u0432\u043b\u0435\u043d\u043e \u043e\u0431 \u0438\u0437\u043c\u0435\u043d\u0435\u043d\u0438\u044f\u0445) <br class=\"avia-permanent-lb\"><br class=\"avia-permanent-lb\"><\/p>\n<p><strong>\u0414\u043e\u043f\u043e\u043b\u043d\u0438\u0442\u0435\u043b\u044c\u043d\u0430\u044f \u0438\u043d\u0444\u043e\u0440\u043c\u0430\u0446\u0438\u044f:<\/strong><\/p>\n<p>MT\u00dc H\u00e4ndik\u00e4pp<\/p>\n<p>Teguri 26b, Tartu<\/p>\n<p>\u041a\u043e\u043e\u0440\u0434\u0438\u043d\u0430\u0442\u043e\u0440 \u0443\u0441\u043b\u0443\u0433\u0438:<\/p>\n<p>\u041c\u0430\u0440\u0433\u0438\u0442 \u0420\u043e\u0441\u0435\u043d\u0442\u0430\u043b\u044c-\u0422\u0443\u0441\u0442\u0438\u0442<\/p>\n<p><a href=\"mailto:iat@handikapp.ee\">iat@handikapp.ee<\/a><\/p>\n<p>\u0442\u0435\u043b. 53232667  <br class=\"avia-permanent-lb\"><br class=\"avia-permanent-lb\"><\/p>\n<p><strong>\u0411\u0443\u0445\u0433\u0430\u043b\u0442\u0435\u0440 \u0443\u0441\u043b\u0443\u0433\u0438:<\/strong><\/p>\n<p>\u0410\u0432\u0435 \u042f\u0430\u043a\u0441\u043e\u043d<\/p>\n<p><a href=\"mailto:iat@handikapp.ee\">iat@handikapp.ee<\/a><\/p>\n<\/div><\/section><\/p><\/div>\n","protected":false},"excerpt":{"rendered":"","protected":false},"author":1,"featured_media":0,"parent":0,"menu_order":2,"comment_status":"closed","ping_status":"closed","template":"","meta":{"ngg_post_thumbnail":0,"footnotes":""},"class_list":["post-2819","page","type-page","status-publish","hentry"],"_links":{"self":[{"href":"https:\/\/handikapp.ee\/ru\/wp-json\/wp\/v2\/pages\/2819","targetHints":{"allow":["GET"]}}],"collection":[{"href":"https:\/\/handikapp.ee\/ru\/wp-json\/wp\/v2\/pages"}],"about":[{"href":"https:\/\/handikapp.ee\/ru\/wp-json\/wp\/v2\/types\/page"}],"author":[{"embeddable":true,"href":"https:\/\/handikapp.ee\/ru\/wp-json\/wp\/v2\/users\/1"}],"replies":[{"embeddable":true,"href":"https:\/\/handikapp.ee\/ru\/wp-json\/wp\/v2\/comments?post=2819"}],"version-history":[{"count":28,"href":"https:\/\/handikapp.ee\/ru\/wp-json\/wp\/v2\/pages\/2819\/revisions"}],"predecessor-version":[{"id":3029,"href":"https:\/\/handikapp.ee\/ru\/wp-json\/wp\/v2\/pages\/2819\/revisions\/3029"}],"wp:attachment":[{"href":"https:\/\/handikapp.ee\/ru\/wp-json\/wp\/v2\/media?parent=2819"}],"curies":[{"name":"wp","href":"https:\/\/api.w.org\/{rel}","templated":true}]}}