{"id":2789,"date":"2022-02-15T13:56:57","date_gmt":"2022-02-15T11:56:57","guid":{"rendered":"https:\/\/handikapp.ee\/personal-assistance-service\/"},"modified":"2024-12-17T14:33:50","modified_gmt":"2024-12-17T12:33:50","slug":"personal-assistance-service","status":"publish","type":"page","link":"https:\/\/handikapp.ee\/en\/","title":{"rendered":"Personal Assistance Service"},"content":{"rendered":"<div class='flex_column av-g96nr-616422e60f9e9d582d9a5f6e7f9879f5 av_one_full  avia-builder-el-0  el_before_av_one_full  avia-builder-el-first  first flex_column_div '   ><section  class='av_textblock_section av-kzofck2d-a6ac31b6e73fea0776d2e2572ecf563d'  itemscope=\"itemscope\" itemtype=\"https:\/\/schema.org\/CreativeWork\" ><div class='avia_textblock'  itemprop=\"text\" ><h1 class=\"et_pb_module_header\">Personal Assistance Service<\/h1>\n<\/div><\/section><br \/>\n<section  class='av_textblock_section av-kzofd3wv-61ef3ae675870054748d95cc2eeb6c0b'  itemscope=\"itemscope\" itemtype=\"https:\/\/schema.org\/CreativeWork\" ><div class='avia_textblock'  itemprop=\"text\" ><p>Personal assistance service is provided in cooperation with the Department of Social Welfare and Health Care of The Municipality of Tartu.<\/p>\n<p>During the period <strong>01.01.2023-31.12.2023<\/strong>, the service is provided on the basis of procurement contract no 22-4496.<\/p>\n<\/div><\/section><\/p><\/div>\n<div class='flex_column av-2ux1h3-69cde3fb3160c65fe0b4f9f31cb0295b av_one_full  avia-builder-el-3  el_after_av_one_full  el_before_av_one_full  first flex_column_div column-top-margin'   ><style type=\"text\/css\" data-created_by=\"avia_inline_auto\" id=\"style-css-av-kzog1pfy-a84d7f52c8b829c54413ebd2aa930ea8\">\n#top .togglecontainer.av-kzog1pfy-a84d7f52c8b829c54413ebd2aa930ea8 p.toggler:not(.activeTitle):hover .toggle_icon, #top .togglecontainer.av-kzog1pfy-a84d7f52c8b829c54413ebd2aa930ea8 p.toggler:not(.activeTitle):hover .toggle_icon *{\nborder-color: !important;\n}\n#top .togglecontainer.av-kzog1pfy-a84d7f52c8b829c54413ebd2aa930ea8 p.toggler .toggle_icon{\ncolor:#62ba30;\nborder-color:#62ba30;\n}\n#top .togglecontainer.av-kzog1pfy-a84d7f52c8b829c54413ebd2aa930ea8 p.toggler .toggle_icon > span{\ncolor:#62ba30;\nborder-color:#62ba30;\n}\n#top .togglecontainer.av-kzog1pfy-a84d7f52c8b829c54413ebd2aa930ea8 p.toggler.activeTitle .toggle_icon, #top .togglecontainer.av-kzog1pfy-a84d7f52c8b829c54413ebd2aa930ea8 p.toggler.activeTitle .toggle_icon > span{\ncolor:#62ba30;\nborder-color:#62ba30;\n}\n<\/style>\n<div  class='togglecontainer av-kzog1pfy-a84d7f52c8b829c54413ebd2aa930ea8 av-elegant-toggle  avia-builder-el-4  avia-builder-el-no-sibling  toggle_close_all' >\n<section class='av_toggle_section av-kzofzjfr-961efc499e9db1ed89204635bcda1204'  itemscope=\"itemscope\" itemtype=\"https:\/\/schema.org\/CreativeWork\" ><div role=\"tablist\" class=\"single_toggle\" data-tags=\"{All} \"  ><p data-fake-id='#toggle-id-1' class='toggler  activeTitle '  itemprop=\"headline\"  role='tab' tabindex='0' aria-controls='toggle-id-1'>WHO IS?<span class=\"toggle_icon\"><span class=\"vert_icon\"><\/span><span class=\"hor_icon\"><\/span><\/span><\/p><div id='toggle-id-1' class='toggle_wrap  active_tc' style='display:block;' ><div class='toggle_content invers-color '  itemprop=\"text\" ><p>The personal assistent helps physically and\/or visually impaired person in daily activities according to special needs and guidance of the client. The personal assistance may include assisting in moveing, eating, dressing, communicating, performing hygiene procedures, writing, reading, performing everyday household tasks, etc.<\/p>\n<p>All operations are performed by the personal assistant in cooperation with the client and in accordance with the client&#8217;s instructions.<\/p>\n<p>For example:<\/p>\n<ul>\n<li>Reads a book, documents or other reading to a visually impaired person<\/li>\n<li>Helps a person in a wheelchair to move around in a wheelchair and transfer if necessary<\/li>\n<li>Helps the disabled person to get acquainted with the goods in the shop, place them in the basket<\/li>\n<li>Helps people with reduced mobility to wash, dress, tidy<\/li>\n<li>Works with a disabled person to help with writing, document management<\/li>\n<li>Assists the disabled person with domestic tasks such as cooking, cleaning<\/li>\n<\/ul>\n<\/div><\/div><\/div><\/section>\n<section class='av_toggle_section av-kzog0fjp-449c4e866d7d3e7db702343e5196d008'  itemscope=\"itemscope\" itemtype=\"https:\/\/schema.org\/CreativeWork\" ><div role=\"tablist\" class=\"single_toggle\" data-tags=\"{All} \"  ><p data-fake-id='#toggle-id-2' class='toggler   '  itemprop=\"headline\"  role='tab' tabindex='0' aria-controls='toggle-id-2'>PERSONAL ASSISTANT IS NOT<span class=\"toggle_icon\"><span class=\"vert_icon\"><\/span><span class=\"hor_icon\"><\/span><\/span><\/p><div id='toggle-id-2' class='toggle_wrap  '  ><div class='toggle_content invers-color '  itemprop=\"text\" ><p>Hooldust\u00f6\u00f6taja<\/p>\n<p>Support person<\/p>\n<p>Family member<\/p>\n<p>Carer<\/p>\n<\/div><\/div><\/div><\/section>\n<section class='av_toggle_section av-kzog0uam-f2ba3e093a937902e39386198ac34660'  itemscope=\"itemscope\" itemtype=\"https:\/\/schema.org\/CreativeWork\" ><div role=\"tablist\" class=\"single_toggle\" data-tags=\"{All} \"  ><p data-fake-id='#toggle-id-3' class='toggler   '  itemprop=\"headline\"  role='tab' tabindex='0' aria-controls='toggle-id-3'>YOU ARE A GOOD CANDIDATE IF YOU ARE<span class=\"toggle_icon\"><span class=\"vert_icon\"><\/span><span class=\"hor_icon\"><\/span><\/span><\/p><div id='toggle-id-3' class='toggle_wrap  '  ><div class='toggle_content invers-color '  itemprop=\"text\" ><p>Cheerful and tolerant,<\/p>\n<p>Conscientious and trustworthy, <\/p>\n<p>Exact about times and arrangements,<\/p>\n<p>Ready for some physical exercise,<\/p>\n<\/div><\/div><\/div><\/section>\n<section class='av_toggle_section av-kzog19j3-9a0caf8b1126c485e9dd8eb5a10fb01d'  itemscope=\"itemscope\" itemtype=\"https:\/\/schema.org\/CreativeWork\" ><div role=\"tablist\" class=\"single_toggle\" data-tags=\"{All} \"  ><p data-fake-id='#toggle-id-4' class='toggler   '  itemprop=\"headline\"  role='tab' tabindex='0' aria-controls='toggle-id-4'>HOW TO APPLY?<span class=\"toggle_icon\"><span class=\"vert_icon\"><\/span><span class=\"hor_icon\"><\/span><\/span><\/p><div id='toggle-id-4' class='toggle_wrap  '  ><div class='toggle_content invers-color '  itemprop=\"text\" ><p>Take contact <a class=\"mail-link\" href=\"mailto:iat@handikapp.ee\" data-enc-email=\"vng&#091;at&#093;unaqvxncc.rr\" data-wpel-link=\"ignore\"><span id=\"wpmt-451600-804412\">iat@handikapp.ee<\/span><\/a> or <a href=\"callto:+37253232667\">53232667<\/a>.<\/p>\n<p>You\u2019ll be invited to a job interview. During that the job is introduced and we\u2019ll find out if the job suits you as well as which client would suit you<\/p>\n<p>There will be a rehearsal day with a specific person who will explain in more detail the needs according to his\/her disability. By mutual agreement, an authorization agreement shall be concluded.<\/p>\n<\/div><\/div><\/div><\/section>\n<section class='av_toggle_section av-kzog1ovz-c03f4798783394e08eba4cf90eb4a36e'  itemscope=\"itemscope\" itemtype=\"https:\/\/schema.org\/CreativeWork\" ><div role=\"tablist\" class=\"single_toggle\" data-tags=\"{All} \"  ><p data-fake-id='#toggle-id-5' class='toggler   '  itemprop=\"headline\"  role='tab' tabindex='0' aria-controls='toggle-id-5'>WORK<span class=\"toggle_icon\"><span class=\"vert_icon\"><\/span><span class=\"hor_icon\"><\/span><\/span><\/p><div id='toggle-id-5' class='toggle_wrap  '  ><div class='toggle_content invers-color '  itemprop=\"text\" ><p>Performed on the basis of an agency agreement between NGO H\u00e4ndik\u00e4pp, personal assistant and the client (disabled person).<\/p>\n<p><strong>Salary \u20ac 5.22 per hour<\/strong>. You can work full time or part time. Part-time work may be appropriate alongside other work or studies.<\/p>\n<p>At higher workloads (at least 126 working hours per month in 2023), you will receive health insurance.<\/p>\n<p>The work is routinfree in terms of time and tasks.<\/p>\n<p>In addition, work gives you the feeling that you&#8217;ve been useful and done something good.<\/p>\n<\/div><\/div><\/div><\/section>\n<\/div><\/div>\n<div class='flex_column av-37ei13-7f9148cbb8b39f2e6ecdca8ac01f74ab av_one_full  avia-builder-el-5  el_after_av_one_full  avia-builder-el-last  first flex_column_div column-top-margin'   ><section  class='av_textblock_section av-kzoi97kb-d9d41ee094678a1034a2ad33630c0e10'  itemscope=\"itemscope\" itemtype=\"https:\/\/schema.org\/CreativeWork\" ><div class='avia_textblock'  itemprop=\"text\" ><h3 class=\"et_pb_module_header\">DOCUMENTS REGARDING PERSONAL ASSISTANCE SERVICE<\/h3>\n<\/div><\/section><br \/>\n<section  class='av_textblock_section av-kzoi9cn5-65c1984bd97c362fe494b1e863be9c8f'  itemscope=\"itemscope\" itemtype=\"https:\/\/schema.org\/CreativeWork\" ><div class='avia_textblock'  itemprop=\"text\" ><ul>\n<li><a href=\"https:\/\/www.riigiteataja.ee\/akt\/422102014020?leiaKehtiv\" target=\"_blank\" rel=\"noopener noreferrer\">Arrangements for the provision of personal assistant services in Tartu&nbsp;<\/a><\/li>\n<li><a href=\"https:\/\/www.riigiteataja.ee\/akt\/113032019155\" target=\"_blank\" rel=\"noopener noreferrer\">Social Welfare Act<\/a><\/li>\n<li><a href=\"https:\/\/www.riigiteataja.ee\/akt\/204042012006\" target=\"_blank\" rel=\"noopener noreferrer\">UN Convention of Rights of Persons with Disabilities&nbsp;<\/a><\/li>\n<li><a href=\"https:\/\/handikapp.ee\/wp-content\/uploads\/2023\/01\/kasundusleping2023.doc\">Authorization agreement 2023<\/a><\/li>\n<\/ul>\n<\/div><\/section><br \/>\n<section  class='av_textblock_section av-l1qe54pe-76b7e46a98c5a648ec7e3784bc2560e0'  itemscope=\"itemscope\" itemtype=\"https:\/\/schema.org\/CreativeWork\" ><div class='avia_textblock'  itemprop=\"text\" ><p><strong> <br class=\"avia-permanent-lb\">MT\u00dc H\u00c4NDIK\u00c4PP KONTOR, Teguri 26b, Tartu ON AVATUD:<\/strong><\/p>\n<p>Monday at 10.15-17.00<\/p>\n<p>Tuesday at 10.15-17.00<\/p>\n<p>Thursday at 10.15-17.00<\/p>\n<p>On the first working day of the month (report day) at 10.15 &#8211; 17.30 (if no changes have been announced) <br class=\"avia-permanent-lb\"><br class=\"avia-permanent-lb\"><\/p>\n<p><strong>Rohkem infot:<\/strong><\/p>\n<p>MT\u00dc H\u00e4ndik\u00e4pp<\/p>\n<p>Teguri 26b, Tartu<\/p>\n<p>Coordinator:<\/p>\n<p>Margit Rosental-Tustit<\/p>\n<p><a href=\"mailto:iat@handikapp.ee\">Email: iat@handikapp.ee<\/a><\/p>\n<p>Phone: 53232667  <br class=\"avia-permanent-lb\"><br class=\"avia-permanent-lb\"><\/p>\n<p><strong>Book Keeper<\/strong><\/p>\n<p>Ave Jaakson<\/p>\n<p><a href=\"mailto:iat@handikapp.ee\">Email: iat@handikapp.ee<\/a><\/p>\n<\/div><\/section><\/p><\/div>\n","protected":false},"excerpt":{"rendered":"","protected":false},"author":1,"featured_media":0,"parent":0,"menu_order":2,"comment_status":"closed","ping_status":"closed","template":"","meta":{"ngg_post_thumbnail":0,"footnotes":""},"class_list":["post-2789","page","type-page","status-publish","hentry"],"_links":{"self":[{"href":"https:\/\/handikapp.ee\/en\/wp-json\/wp\/v2\/pages\/2789","targetHints":{"allow":["GET"]}}],"collection":[{"href":"https:\/\/handikapp.ee\/en\/wp-json\/wp\/v2\/pages"}],"about":[{"href":"https:\/\/handikapp.ee\/en\/wp-json\/wp\/v2\/types\/page"}],"author":[{"embeddable":true,"href":"https:\/\/handikapp.ee\/en\/wp-json\/wp\/v2\/users\/1"}],"replies":[{"embeddable":true,"href":"https:\/\/handikapp.ee\/en\/wp-json\/wp\/v2\/comments?post=2789"}],"version-history":[{"count":63,"href":"https:\/\/handikapp.ee\/en\/wp-json\/wp\/v2\/pages\/2789\/revisions"}],"predecessor-version":[{"id":3243,"href":"https:\/\/handikapp.ee\/en\/wp-json\/wp\/v2\/pages\/2789\/revisions\/3243"}],"wp:attachment":[{"href":"https:\/\/handikapp.ee\/en\/wp-json\/wp\/v2\/media?parent=2789"}],"curies":[{"name":"wp","href":"https:\/\/api.w.org\/{rel}","templated":true}]}}